{"id":313,"date":"2024-03-06T21:44:47","date_gmt":"2024-03-06T20:44:47","guid":{"rendered":"https:\/\/guipcyclette.ovh\/?page_id=313"},"modified":"2026-04-07T11:55:29","modified_gmt":"2026-04-07T09:55:29","slug":"brm-200","status":"publish","type":"page","link":"https:\/\/cycloclubguipavas.fr\/index.php\/brm-200\/","title":{"rendered":"BRM 200\/300\/400\/600"},"content":{"rendered":"\n<p>lien pour les inscriptions au BRM de 200 400 et 600 du CCGuipavas<\/p>\n\n\n\n<p><a href=\"https:\/\/myaccount.audax-club-parisien.com\">https:\/\/myaccount.audax-club-parisien.com<\/a><\/p>\n\n\n\n<p><\/p>\n\n\n\n<p><strong>Le BRM 200 km du 19 Avril 2026<\/strong><\/p>\n\n\n\n<p>D\u00e9part \u00e0 08h00 \u00e0 la Halle du moulin neuf, 29490 Guipavas<\/p>\n\n\n\n<p><strong><em>Lien openrunner <\/em><\/strong><\/p>\n\n\n\n<p><a href=\"https:\/\/www.openrunner.com\/route-details\/23688020\">https:\/\/www.openrunner.com\/route-details\/23688020<\/a><\/p>\n\n\n\n<figure class=\"wp-block-image size-large\"><img loading=\"lazy\" decoding=\"async\" width=\"1024\" height=\"703\" src=\"https:\/\/cycloclubguipavas.fr\/wp-content\/uploads\/2026\/04\/Screenshot_20260407_101606_Print-Spooler-1024x703.jpg\" alt=\"\" class=\"wp-image-2107\" srcset=\"https:\/\/cycloclubguipavas.fr\/wp-content\/uploads\/2026\/04\/Screenshot_20260407_101606_Print-Spooler-1024x703.jpg 1024w, https:\/\/cycloclubguipavas.fr\/wp-content\/uploads\/2026\/04\/Screenshot_20260407_101606_Print-Spooler-300x206.jpg 300w, https:\/\/cycloclubguipavas.fr\/wp-content\/uploads\/2026\/04\/Screenshot_20260407_101606_Print-Spooler-768x527.jpg 768w, https:\/\/cycloclubguipavas.fr\/wp-content\/uploads\/2026\/04\/Screenshot_20260407_101606_Print-Spooler-1536x1054.jpg 1536w, https:\/\/cycloclubguipavas.fr\/wp-content\/uploads\/2026\/04\/Screenshot_20260407_101606_Print-Spooler-2048x1405.jpg 2048w\" sizes=\"auto, (max-width: 1024px) 100vw, 1024px\" \/><\/figure>\n\n\n\n<div data-wp-interactive=\"core\/file\" class=\"wp-block-file\"><object data-wp-bind--hidden=\"!state.hasPdfPreview\" hidden class=\"wp-block-file__embed\" data=\"https:\/\/cycloclubguipavas.fr\/wp-content\/uploads\/2026\/04\/BRM29-200-2026.pdf\" type=\"application\/pdf\" style=\"width:100%;height:600px\" aria-label=\"Contenu embarqu\u00e9 BRM29-200-2026.\"><\/object><a id=\"wp-block-file--media-d404c2ad-00dd-49b4-87c0-04f8e8ac330b\" href=\"https:\/\/cycloclubguipavas.fr\/wp-content\/uploads\/2026\/04\/BRM29-200-2026.pdf\">BRM29-200-2026<\/a><a href=\"https:\/\/cycloclubguipavas.fr\/wp-content\/uploads\/2026\/04\/BRM29-200-2026.pdf\" class=\"wp-block-file__button wp-element-button\" download aria-describedby=\"wp-block-file--media-d404c2ad-00dd-49b4-87c0-04f8e8ac330b\">T\u00e9l\u00e9charger<\/a><\/div>\n\n\n\n<p><strong>Le BRM 300 km du samedi 25 avril 2026<\/strong> <strong>organis\u00e9 par nos amis de ECM \u00e0  Milizac <\/strong><\/p>\n\n\n\n<p>D\u00e9part \u00e0 6h00 de la salle du Garo \u00e0 Milizac <\/p>\n\n\n\n<p><strong><em>Lien openrunner<\/em><\/strong><\/p>\n\n\n\n<p><a href=\"https:\/\/www.openrunner.com\/route-details\/13825830\">https:\/\/www.openrunner.com\/route-details\/13825830<\/a><\/p>\n\n\n\n<figure class=\"wp-block-image size-large\"><img loading=\"lazy\" decoding=\"async\" width=\"1024\" height=\"901\" src=\"https:\/\/cycloclubguipavas.fr\/wp-content\/uploads\/2026\/01\/Screenshot_20260114_104359_Chrome-1024x901.jpg\" alt=\"\" class=\"wp-image-2046\" srcset=\"https:\/\/cycloclubguipavas.fr\/wp-content\/uploads\/2026\/01\/Screenshot_20260114_104359_Chrome-1024x901.jpg 1024w, https:\/\/cycloclubguipavas.fr\/wp-content\/uploads\/2026\/01\/Screenshot_20260114_104359_Chrome-300x264.jpg 300w, https:\/\/cycloclubguipavas.fr\/wp-content\/uploads\/2026\/01\/Screenshot_20260114_104359_Chrome-768x676.jpg 768w, https:\/\/cycloclubguipavas.fr\/wp-content\/uploads\/2026\/01\/Screenshot_20260114_104359_Chrome-1536x1352.jpg 1536w, https:\/\/cycloclubguipavas.fr\/wp-content\/uploads\/2026\/01\/Screenshot_20260114_104359_Chrome-2048x1802.jpg 2048w\" sizes=\"auto, (max-width: 1024px) 100vw, 1024px\" \/><\/figure>\n\n\n\n<p><strong>Le BRM 400 km du 16 et 17 Mai 2026<\/strong><\/p>\n\n\n\n<p>D\u00e9part \u00e0 18h00 \u00e0 la Halle du moulin neuf, 29490 Guipavas<\/p>\n\n\n\n<p><strong><em>Lien openrunner<\/em><\/strong><\/p>\n\n\n\n<p><a href=\"https:\/\/www.openrunner.com\/route-details\/8577345\">https:\/\/www.openrunner.com\/route-details\/8577345<\/a><\/p>\n\n\n\n<figure class=\"wp-block-image size-large\"><img loading=\"lazy\" decoding=\"async\" width=\"1024\" height=\"801\" src=\"https:\/\/cycloclubguipavas.fr\/wp-content\/uploads\/2025\/11\/BRM400-2026-1024x801.jpg\" alt=\"\" class=\"wp-image-1817\" srcset=\"https:\/\/cycloclubguipavas.fr\/wp-content\/uploads\/2025\/11\/BRM400-2026-1024x801.jpg 1024w, https:\/\/cycloclubguipavas.fr\/wp-content\/uploads\/2025\/11\/BRM400-2026-300x235.jpg 300w, https:\/\/cycloclubguipavas.fr\/wp-content\/uploads\/2025\/11\/BRM400-2026-768x601.jpg 768w, https:\/\/cycloclubguipavas.fr\/wp-content\/uploads\/2025\/11\/BRM400-2026.jpg 1148w\" sizes=\"auto, (max-width: 1024px) 100vw, 1024px\" \/><\/figure>\n\n\n\n<div data-wp-interactive=\"core\/file\" class=\"wp-block-file\"><object data-wp-bind--hidden=\"!state.hasPdfPreview\" hidden class=\"wp-block-file__embed\" data=\"https:\/\/cycloclubguipavas.fr\/wp-content\/uploads\/2025\/11\/BRM29-400.pdf\" type=\"application\/pdf\" style=\"width:100%;height:600px\" aria-label=\"Contenu embarqu\u00e9 &lt;strong&gt;&lt;em&gt;BRM29-400&lt;\/em&gt;&lt;\/strong&gt;.\"><\/object><a id=\"wp-block-file--media-aff29725-deca-4ee8-a1f8-59ad7463325c\" href=\"https:\/\/cycloclubguipavas.fr\/wp-content\/uploads\/2025\/11\/BRM29-400.pdf\"><strong><em>BRM29-400<\/em><\/strong><\/a><a href=\"https:\/\/cycloclubguipavas.fr\/wp-content\/uploads\/2025\/11\/BRM29-400.pdf\" class=\"wp-block-file__button wp-element-button\" download aria-describedby=\"wp-block-file--media-aff29725-deca-4ee8-a1f8-59ad7463325c\">T\u00e9l\u00e9charger<\/a><\/div>\n\n\n\n<p><strong>Le BRM 600 km des 20 et 21 Juin 2026<\/strong><\/p>\n\n\n\n<p>D\u00e9part \u00e0 06h00 le samedi 20 juin \u00e0 la Halle du moulin neuf, 29490 Guipavas<\/p>\n\n\n\n<p><strong><em>Lien openrunner<\/em><\/strong><\/p>\n\n\n\n<p><a href=\"https:\/\/www.openrunner.com\/route-details\/14203961\">https:\/\/www.openrunner.com\/route-details\/14203961<\/a><\/p>\n\n\n\n<figure class=\"wp-block-image size-large\"><img loading=\"lazy\" decoding=\"async\" width=\"1024\" height=\"505\" src=\"https:\/\/cycloclubguipavas.fr\/wp-content\/uploads\/2026\/01\/BRM600-2026-1024x505.jpg\" alt=\"\" class=\"wp-image-2036\" srcset=\"https:\/\/cycloclubguipavas.fr\/wp-content\/uploads\/2026\/01\/BRM600-2026-1024x505.jpg 1024w, https:\/\/cycloclubguipavas.fr\/wp-content\/uploads\/2026\/01\/BRM600-2026-300x148.jpg 300w, https:\/\/cycloclubguipavas.fr\/wp-content\/uploads\/2026\/01\/BRM600-2026-768x379.jpg 768w, https:\/\/cycloclubguipavas.fr\/wp-content\/uploads\/2026\/01\/BRM600-2026.jpg 1440w\" sizes=\"auto, (max-width: 1024px) 100vw, 1024px\" \/><\/figure>\n\n\n\n<p><strong><em>BRM29-600<\/em><\/strong><\/p>\n\n\n\n<p><\/p>\n","protected":false},"excerpt":{"rendered":"<p>lien pour les inscriptions au BRM de 200 400 et 600 du CCGuipavas https:\/\/myaccount.audax-club-parisien.com Le BRM 200 km du 19 [&hellip;]<\/p>\n","protected":false},"author":2,"featured_media":0,"parent":0,"menu_order":0,"comment_status":"closed","ping_status":"closed","template":"","meta":{"site-sidebar-layout":"default","site-content-layout":"","ast-site-content-layout":"","site-content-style":"default","site-sidebar-style":"default","ast-global-header-display":"","ast-banner-title-visibility":"","ast-main-header-display":"","ast-hfb-above-header-display":"","ast-hfb-below-header-display":"","ast-hfb-mobile-header-display":"","site-post-title":"","ast-breadcrumbs-content":"","ast-featured-img":"","footer-sml-layout":"","theme-transparent-header-meta":"","adv-header-id-meta":"","stick-header-meta":"","header-above-stick-meta":"","header-main-stick-meta":"","header-below-stick-meta":"","astra-migrate-meta-layouts":"default","ast-page-background-enabled":"default","ast-page-background-meta":{"desktop":{"background-color":"var(--ast-global-color-4)","background-image":"","background-repeat":"repeat","background-position":"center center","background-size":"auto","background-attachment":"scroll","background-type":"","background-media":"","overlay-type":"","overlay-color":"","overlay-gradient":""},"tablet":{"background-color":"","background-image":"","background-repeat":"repeat","background-position":"center center","background-size":"auto","background-attachment":"scroll","background-type":"","background-media":"","overlay-type":"","overlay-color":"","overlay-gradient":""},"mobile":{"background-color":"","background-image":"","background-repeat":"repeat","background-position":"center center","background-size":"auto","background-attachment":"scroll","background-type":"","background-media":"","overlay-type":"","overlay-color":"","overlay-gradient":""}},"ast-content-background-meta":{"desktop":{"background-color":"var(--ast-global-color-5)","background-image":"","background-repeat":"repeat","background-position":"center center","background-size":"auto","background-attachment":"scroll","background-type":"","background-media":"","overlay-type":"","overlay-color":"","overlay-gradient":""},"tablet":{"background-color":"var(--ast-global-color-5)","background-image":"","background-repeat":"repeat","background-position":"center center","background-size":"auto","background-attachment":"scroll","background-type":"","background-media":"","overlay-type":"","overlay-color":"","overlay-gradient":""},"mobile":{"background-color":"var(--ast-global-color-5)","background-image":"","background-repeat":"repeat","background-position":"center center","background-size":"auto","background-attachment":"scroll","background-type":"","background-media":"","overlay-type":"","overlay-color":"","overlay-gradient":""}},"footnotes":""},"class_list":["post-313","page","type-page","status-publish","hentry"],"_links":{"self":[{"href":"https:\/\/cycloclubguipavas.fr\/index.php\/wp-json\/wp\/v2\/pages\/313","targetHints":{"allow":["GET"]}}],"collection":[{"href":"https:\/\/cycloclubguipavas.fr\/index.php\/wp-json\/wp\/v2\/pages"}],"about":[{"href":"https:\/\/cycloclubguipavas.fr\/index.php\/wp-json\/wp\/v2\/types\/page"}],"author":[{"embeddable":true,"href":"https:\/\/cycloclubguipavas.fr\/index.php\/wp-json\/wp\/v2\/users\/2"}],"replies":[{"embeddable":true,"href":"https:\/\/cycloclubguipavas.fr\/index.php\/wp-json\/wp\/v2\/comments?post=313"}],"version-history":[{"count":34,"href":"https:\/\/cycloclubguipavas.fr\/index.php\/wp-json\/wp\/v2\/pages\/313\/revisions"}],"predecessor-version":[{"id":2112,"href":"https:\/\/cycloclubguipavas.fr\/index.php\/wp-json\/wp\/v2\/pages\/313\/revisions\/2112"}],"wp:attachment":[{"href":"https:\/\/cycloclubguipavas.fr\/index.php\/wp-json\/wp\/v2\/media?parent=313"}],"curies":[{"name":"wp","href":"https:\/\/api.w.org\/{rel}","templated":true}]}}